{"id":120,"date":"2022-02-04T08:34:29","date_gmt":"2022-02-04T07:34:29","guid":{"rendered":"https:\/\/www.hpb-personalberatung.de\/?page_id=120"},"modified":"2022-06-23T07:49:27","modified_gmt":"2022-06-23T05:49:27","slug":"safety-security","status":"publish","type":"page","link":"https:\/\/www.hpb-personalberatung.de\/en\/kompetenzen\/safety-security\/","title":{"rendered":"Safety &amp; Security"},"content":{"rendered":"<div data-elementor-type=\"wp-page\" data-elementor-id=\"120\" class=\"elementor elementor-120\" data-elementor-post-type=\"page\">\n\t\t\t\t\t\t<section class=\"elementor-section elementor-top-section elementor-element elementor-element-53c681f elementor-section-full_width elementor-section-height-default elementor-section-height-default\" data-id=\"53c681f\" data-element_type=\"section\" data-e-type=\"section\">\n\t\t\t\t\t\t<div class=\"elementor-container elementor-column-gap-default\">\n\t\t\t\t\t<div class=\"elementor-column elementor-col-100 elementor-top-column elementor-element elementor-element-4229ad3\" data-id=\"4229ad3\" data-element_type=\"column\" data-e-type=\"column\">\n\t\t\t<div class=\"elementor-widget-wrap elementor-element-populated\">\n\t\t\t\t\t\t<div class=\"elementor-element elementor-element-6662f2e elementor-widget elementor-widget-image\" data-id=\"6662f2e\" data-element_type=\"widget\" data-e-type=\"widget\" data-widget_type=\"image.default\">\n\t\t\t\t<div class=\"elementor-widget-container\">\n\t\t\t\t\t\t\t\t\t\t\t\t\t\t\t<img decoding=\"async\" width=\"74\" height=\"61\" src=\"https:\/\/www.hpb-personalberatung.de\/wp-content\/uploads\/2022\/03\/ecke_3b.svg\" class=\"attachment-large size-large wp-image-1020\" alt=\"HPB H\u00e4upl Personalberatung Signet\" \/>\t\t\t\t\t\t\t\t\t\t\t\t\t\t\t<\/div>\n\t\t\t\t<\/div>\n\t\t\t\t\t<\/div>\n\t\t<\/div>\n\t\t\t\t\t<\/div>\n\t\t<\/section>\n\t\t\t\t<section class=\"elementor-section elementor-top-section elementor-element elementor-element-1ed31bc elementor-section-boxed elementor-section-height-default elementor-section-height-default\" data-id=\"1ed31bc\" data-element_type=\"section\" data-e-type=\"section\">\n\t\t\t\t\t\t<div class=\"elementor-container elementor-column-gap-default\">\n\t\t\t\t\t<div class=\"elementor-column elementor-col-100 elementor-top-column elementor-element elementor-element-6de35dd\" data-id=\"6de35dd\" data-element_type=\"column\" data-e-type=\"column\" data-settings=\"{&quot;background_background&quot;:&quot;classic&quot;}\">\n\t\t\t<div class=\"elementor-widget-wrap elementor-element-populated\">\n\t\t\t\t\t\t<div class=\"elementor-element elementor-element-4d3b627 elementor-widget elementor-widget-heading\" data-id=\"4d3b627\" data-element_type=\"widget\" data-e-type=\"widget\" data-widget_type=\"heading.default\">\n\t\t\t\t<div class=\"elementor-widget-container\">\n\t\t\t\t\t<h1 class=\"elementor-heading-title elementor-size-default\">Safety &amp; Security<\/h1>\t\t\t\t<\/div>\n\t\t\t\t<\/div>\n\t\t\t\t<div class=\"elementor-element elementor-element-bc811d3 elementor-widget-divider--view-line elementor-widget elementor-widget-divider\" data-id=\"bc811d3\" data-element_type=\"widget\" data-e-type=\"widget\" data-widget_type=\"divider.default\">\n\t\t\t\t<div class=\"elementor-widget-container\">\n\t\t\t\t\t\t\t<div class=\"elementor-divider\">\n\t\t\t<span class=\"elementor-divider-separator\">\n\t\t\t\t\t\t<\/span>\n\t\t<\/div>\n\t\t\t\t\t\t<\/div>\n\t\t\t\t<\/div>\n\t\t\t\t\t<\/div>\n\t\t<\/div>\n\t\t\t\t\t<\/div>\n\t\t<\/section>\n\t\t\t\t<section class=\"elementor-section elementor-top-section elementor-element elementor-element-3e31385 elementor-section-boxed elementor-section-height-default elementor-section-height-default\" data-id=\"3e31385\" data-element_type=\"section\" data-e-type=\"section\">\n\t\t\t\t\t\t<div class=\"elementor-container elementor-column-gap-default\">\n\t\t\t\t\t<div class=\"elementor-column elementor-col-50 elementor-top-column elementor-element elementor-element-ed51b0f\" data-id=\"ed51b0f\" data-element_type=\"column\" data-e-type=\"column\" data-settings=\"{&quot;background_background&quot;:&quot;classic&quot;}\">\n\t\t\t<div class=\"elementor-widget-wrap elementor-element-populated\">\n\t\t\t\t\t\t<div class=\"elementor-element elementor-element-03bb31a elementor-widget elementor-widget-text-editor\" data-id=\"03bb31a\" data-element_type=\"widget\" data-e-type=\"widget\" data-widget_type=\"text-editor.default\">\n\t\t\t\t<div class=\"elementor-widget-container\">\n\t\t\t\t\t\t\t\t\t<p>Globale Vernetzung, das Zusammenr\u00fccken von Kulturen, Traditionen und Lebensweisen, Echtzeit-Kommunikation \u00fcber beliebige Entfernungen, eine in jeder Weise auch wirtschaftlich immer mehr verwobene Erdbev\u00f6lkerung und eine Zeit voller gesellschaftlicher Umbr\u00fcche kennzeichnen die heutige Gegenwart. Neu entstehende Bedrohungsszenarien erfordern dabei umfassende Konzepte zur Sicherheitslage und ein Denken in globalen Dimensionen. Dies f\u00fchrt zu h\u00f6heren Anforderungen sowohl an den Staat als auch an die betriebliche und gewerbliche Sicherheit.<\/p><p>Vor diesem Hintergrund ist Safety &amp; Security als die professionelle Sicherheitsvorsorge f\u00fcr Personen und Sachwerte zu begreifen, die sowohl die pr\u00e4ventive Gew\u00e4hrleistung von Sicherheit als auch die Gefahrenabwehr unter Zuhilfenahme von effizienten personellen und innovativen technischen Ressourcen umfasst.<\/p><p>Modernes Safety &amp; Security Management und die Ausbildung entsprechend geschulten und krisenbew\u00e4hrten F\u00fchrungspersonals mit Kompetenz und Integrit\u00e4t, bestimmen den wirtschaftlichen Erfolg der Unternehmen dieses kommerziellen Wachstumssegmentes.<\/p>\t\t\t\t\t\t\t\t<\/div>\n\t\t\t\t<\/div>\n\t\t\t\t<div class=\"elementor-element elementor-element-7e962d2 elementor-align-left elementor-widget elementor-widget-button\" data-id=\"7e962d2\" data-element_type=\"widget\" data-e-type=\"widget\" data-widget_type=\"button.default\">\n\t\t\t\t<div class=\"elementor-widget-container\">\n\t\t\t\t\t\t\t\t\t<div class=\"elementor-button-wrapper\">\n\t\t\t\t\t<a class=\"elementor-button elementor-button-link elementor-size-lg\" href=\"https:\/\/www.hpb-personalberatung.de\/en\/kontakt\/\">\n\t\t\t\t\t\t<span class=\"elementor-button-content-wrapper\">\n\t\t\t\t\t\t<span class=\"elementor-button-icon\">\n\t\t\t\t<i aria-hidden=\"true\" class=\"fas fa-chevron-right\"><\/i>\t\t\t<\/span>\n\t\t\t\t\t\t\t\t\t<span class=\"elementor-button-text\">Contact us<\/span>\n\t\t\t\t\t<\/span>\n\t\t\t\t\t<\/a>\n\t\t\t\t<\/div>\n\t\t\t\t\t\t\t\t<\/div>\n\t\t\t\t<\/div>\n\t\t\t\t\t<\/div>\n\t\t<\/div>\n\t\t\t\t<div class=\"elementor-column elementor-col-50 elementor-top-column elementor-element elementor-element-636f2e3\" data-id=\"636f2e3\" data-element_type=\"column\" data-e-type=\"column\" data-settings=\"{&quot;background_background&quot;:&quot;classic&quot;}\">\n\t\t\t<div class=\"elementor-widget-wrap elementor-element-populated\">\n\t\t\t\t\t\t<div class=\"elementor-element elementor-element-9ff7c10 elementor-widget elementor-widget-spacer\" data-id=\"9ff7c10\" data-element_type=\"widget\" data-e-type=\"widget\" data-widget_type=\"spacer.default\">\n\t\t\t\t<div class=\"elementor-widget-container\">\n\t\t\t\t\t\t\t<div class=\"elementor-spacer\">\n\t\t\t<div class=\"elementor-spacer-inner\"><\/div>\n\t\t<\/div>\n\t\t\t\t\t\t<\/div>\n\t\t\t\t<\/div>\n\t\t\t\t\t<\/div>\n\t\t<\/div>\n\t\t\t\t\t<\/div>\n\t\t<\/section>\n\t\t\t\t<section class=\"elementor-section elementor-top-section elementor-element elementor-element-56f9497 elementor-section-full_width elementor-section-height-default elementor-section-height-default\" data-id=\"56f9497\" data-element_type=\"section\" data-e-type=\"section\">\n\t\t\t\t\t\t<div class=\"elementor-container elementor-column-gap-default\">\n\t\t\t\t\t<div class=\"elementor-column elementor-col-100 elementor-top-column elementor-element elementor-element-d554ec0\" data-id=\"d554ec0\" data-element_type=\"column\" data-e-type=\"column\">\n\t\t\t<div class=\"elementor-widget-wrap elementor-element-populated\">\n\t\t\t\t\t\t<div class=\"elementor-element elementor-element-c6bcf85 elementor-view-default elementor-invisible elementor-widget elementor-widget-icon\" data-id=\"c6bcf85\" data-element_type=\"widget\" data-e-type=\"widget\" data-settings=\"{&quot;_animation&quot;:&quot;fadeInUp&quot;}\" data-widget_type=\"icon.default\">\n\t\t\t\t<div class=\"elementor-widget-container\">\n\t\t\t\t\t\t\t<div class=\"elementor-icon-wrapper\">\n\t\t\t<a class=\"elementor-icon\" href=\"#informationen\">\n\t\t\t<svg xmlns=\"http:\/\/www.w3.org\/2000\/svg\" xmlns:xlink=\"http:\/\/www.w3.org\/1999\/xlink\" id=\"Ebene_1\" x=\"0px\" y=\"0px\" width=\"50px\" height=\"25px\" viewbox=\"0 0 50 25\" style=\"enable-background:new 0 0 50 25;\" xml:space=\"preserve\"><g>\t<polygon points=\"25,23.9 3.7,2.6 5.1,1.1 25,21 44.9,1.1 46.3,2.6  \"><\/polygon><\/g><\/svg>\t\t\t<\/a>\n\t\t<\/div>\n\t\t\t\t\t\t<\/div>\n\t\t\t\t<\/div>\n\t\t\t\t<div class=\"elementor-element elementor-element-1558b52 elementor-widget elementor-widget-image\" data-id=\"1558b52\" data-element_type=\"widget\" data-e-type=\"widget\" data-widget_type=\"image.default\">\n\t\t\t\t<div class=\"elementor-widget-container\">\n\t\t\t\t\t\t\t\t\t\t\t\t\t\t\t<img decoding=\"async\" width=\"74\" height=\"61\" src=\"https:\/\/www.hpb-personalberatung.de\/wp-content\/uploads\/2022\/03\/ecke_4.svg\" class=\"attachment-large size-large wp-image-1027\" alt=\"HPB H\u00e4upl Personalberatung Signet\" \/>\t\t\t\t\t\t\t\t\t\t\t\t\t\t\t<\/div>\n\t\t\t\t<\/div>\n\t\t\t\t\t<\/div>\n\t\t<\/div>\n\t\t\t\t\t<\/div>\n\t\t<\/section>\n\t\t\t\t<section class=\"elementor-section elementor-top-section elementor-element elementor-element-b9e21e0 elementor-section-full_width elementor-section-height-default elementor-section-height-default\" data-id=\"b9e21e0\" data-element_type=\"section\" data-e-type=\"section\" data-settings=\"{&quot;background_background&quot;:&quot;classic&quot;}\">\n\t\t\t\t\t\t<div class=\"elementor-container elementor-column-gap-default\">\n\t\t\t\t\t<div class=\"elementor-column elementor-col-100 elementor-top-column elementor-element elementor-element-fb74b2f\" data-id=\"fb74b2f\" data-element_type=\"column\" data-e-type=\"column\">\n\t\t\t<div class=\"elementor-widget-wrap elementor-element-populated\">\n\t\t\t\t\t\t<div class=\"elementor-element elementor-element-97258fa elementor-widget elementor-widget-spacer\" data-id=\"97258fa\" data-element_type=\"widget\" data-e-type=\"widget\" data-widget_type=\"spacer.default\">\n\t\t\t\t<div class=\"elementor-widget-container\">\n\t\t\t\t\t\t\t<div class=\"elementor-spacer\">\n\t\t\t<div class=\"elementor-spacer-inner\"><\/div>\n\t\t<\/div>\n\t\t\t\t\t\t<\/div>\n\t\t\t\t<\/div>\n\t\t\t\t\t<\/div>\n\t\t<\/div>\n\t\t\t\t\t<\/div>\n\t\t<\/section>\n\t\t\t\t<section class=\"elementor-section elementor-top-section elementor-element elementor-element-2b60c8f elementor-section-full_width elementor-section-height-default elementor-section-height-default\" data-id=\"2b60c8f\" data-element_type=\"section\" data-e-type=\"section\">\n\t\t\t\t\t\t<div class=\"elementor-container elementor-column-gap-default\">\n\t\t\t\t\t<div class=\"elementor-column elementor-col-100 elementor-top-column elementor-element elementor-element-6c66319\" data-id=\"6c66319\" data-element_type=\"column\" data-e-type=\"column\">\n\t\t\t<div class=\"elementor-widget-wrap elementor-element-populated\">\n\t\t\t\t\t\t<div class=\"elementor-element elementor-element-f847277 elementor-widget elementor-widget-image\" data-id=\"f847277\" data-element_type=\"widget\" data-e-type=\"widget\" data-widget_type=\"image.default\">\n\t\t\t\t<div class=\"elementor-widget-container\">\n\t\t\t\t\t\t\t\t\t\t\t\t\t\t\t<img decoding=\"async\" width=\"74\" height=\"61\" src=\"https:\/\/www.hpb-personalberatung.de\/wp-content\/uploads\/2022\/03\/ecke_3b.svg\" class=\"attachment-large size-large wp-image-1020\" alt=\"HPB H\u00e4upl Personalberatung Signet\" \/>\t\t\t\t\t\t\t\t\t\t\t\t\t\t\t<\/div>\n\t\t\t\t<\/div>\n\t\t\t\t\t<\/div>\n\t\t<\/div>\n\t\t\t\t\t<\/div>\n\t\t<\/section>\n\t\t\t\t<section class=\"elementor-section elementor-top-section elementor-element elementor-element-91ca61b elementor-section-boxed elementor-section-height-default elementor-section-height-default\" data-id=\"91ca61b\" data-element_type=\"section\" data-e-type=\"section\">\n\t\t\t\t\t\t<div class=\"elementor-container elementor-column-gap-default\">\n\t\t\t\t\t<div class=\"elementor-column elementor-col-100 elementor-top-column elementor-element elementor-element-6fe7b1e\" data-id=\"6fe7b1e\" data-element_type=\"column\" data-e-type=\"column\">\n\t\t\t<div class=\"elementor-widget-wrap elementor-element-populated\">\n\t\t\t\t\t\t<div class=\"elementor-element elementor-element-f83e0d0 elementor-widget elementor-widget-menu-anchor\" data-id=\"f83e0d0\" data-element_type=\"widget\" data-e-type=\"widget\" data-widget_type=\"menu-anchor.default\">\n\t\t\t\t<div class=\"elementor-widget-container\">\n\t\t\t\t\t\t\t<div class=\"elementor-menu-anchor\" id=\"informationen\"><\/div>\n\t\t\t\t\t\t<\/div>\n\t\t\t\t<\/div>\n\t\t\t\t<div class=\"elementor-element elementor-element-3f30298 elementor-widget elementor-widget-text-editor\" data-id=\"3f30298\" data-element_type=\"widget\" data-e-type=\"widget\" data-widget_type=\"text-editor.default\">\n\t\t\t\t<div class=\"elementor-widget-container\">\n\t\t\t\t\t\t\t\t\t<p>Die HPB Dr. H\u00e4upl Personalberatung betreut seit Jahren mit gro\u00dfem Erfolg Unternehmen und Einrichtungen bei der Suche und Auswahl von F\u00fchrungskr\u00e4ften und Fachspezialisten.<\/p>\t\t\t\t\t\t\t\t<\/div>\n\t\t\t\t<\/div>\n\t\t\t\t<div class=\"elementor-element elementor-element-7733924 elementor-widget elementor-widget-text-editor\" data-id=\"7733924\" data-element_type=\"widget\" data-e-type=\"widget\" data-widget_type=\"text-editor.default\">\n\t\t\t\t<div class=\"elementor-widget-container\">\n\t\t\t\t\t\t\t\t\t<p>Die Beratung ist ganzheitlich und zielt geradlinig auf den Erfolg unseres Mandanten. Unsere Mitwirkung setzt insbesondere dort ein, wo<\/p><ul><li>the new or initial filling of a qualified vacancy is seen as an entrepreneurial investment in terms of time, quality and costs,<\/li><li>the recruitment of suitable persons on the market is difficult,<\/li><li>new business areas are to be developed and specific know-how is to be gained for the company by filling a qualified vacancy,<\/li><li>strategic developments in the company are to be supported by personnel,<\/li><li>die Firma die mit einer eigenen Ausschreibung einhergehende Publizit\u00e4t von unternehmerischen \/ Gesellschafter-Entscheidungen am Markt vermeiden muss,<\/li><li>an advantage over the competition in the realization of strategic goals can be secured through access and the speed of staffing,<\/li><li>the establishment of long-term relationships is expected, which requires a high level of social competence on the part of the consultants, borne out of responsibility towards clients and candidates<\/li><li>in Unternehmen sowohl Positionen aus verschiedenen F\u00fchrungsebenen und Funktions- bereichen als auch internationale Positionen kompetent aus einer Hand zu besetzen sind.<\/li><\/ul><p>\u00a0<\/p><p>Absolute discretion, careful and case-by-case selection of methods as well as the targeted processing of the available personnel market segments open up to us the contact to the narrow circle of actually suitable applicants and to the candidates interesting for our clients.<\/p><p>The advisory participation in the personnel search and selection includes the control of the entire process in close coordination with our clients.<\/p><p>Drei methodisch unterlegte Leistungspakete mit fairen Konditionen, die jeweils entsprechend der konkreten Spezifik der zu besetzenden Vakanz Anwendung finden, werden angeboten.<\/p>\t\t\t\t\t\t\t\t<\/div>\n\t\t\t\t<\/div>\n\t\t\t\t\t<\/div>\n\t\t<\/div>\n\t\t\t\t\t<\/div>\n\t\t<\/section>\n\t\t\t\t<section class=\"elementor-section elementor-top-section elementor-element elementor-element-2b8f865 elementor-section-boxed elementor-section-height-default elementor-section-height-default\" data-id=\"2b8f865\" data-element_type=\"section\" data-e-type=\"section\">\n\t\t\t\t\t\t<div class=\"elementor-container elementor-column-gap-default\">\n\t\t\t\t\t<div class=\"elementor-column elementor-col-25 elementor-top-column elementor-element elementor-element-6206c44\" data-id=\"6206c44\" data-element_type=\"column\" data-e-type=\"column\">\n\t\t\t<div class=\"elementor-widget-wrap elementor-element-populated\">\n\t\t\t\t\t\t<div class=\"elementor-element elementor-element-7af0206 elementor-align-justify elementor-widget elementor-widget-button\" data-id=\"7af0206\" data-element_type=\"widget\" data-e-type=\"widget\" data-widget_type=\"button.default\">\n\t\t\t\t<div class=\"elementor-widget-container\">\n\t\t\t\t\t\t\t\t\t<div class=\"elementor-button-wrapper\">\n\t\t\t\t\t<a class=\"elementor-button elementor-button-link elementor-size-lg\" href=\"https:\/\/www.hpb-personalberatung.de\/en\/ueber-uns\/konditionen\/\">\n\t\t\t\t\t\t<span class=\"elementor-button-content-wrapper\">\n\t\t\t\t\t\t\t\t\t<span class=\"elementor-button-text\">About HPB<\/span>\n\t\t\t\t\t<\/span>\n\t\t\t\t\t<\/a>\n\t\t\t\t<\/div>\n\t\t\t\t\t\t\t\t<\/div>\n\t\t\t\t<\/div>\n\t\t\t\t\t<\/div>\n\t\t<\/div>\n\t\t\t\t<div class=\"elementor-column elementor-col-25 elementor-top-column elementor-element elementor-element-3b30304\" data-id=\"3b30304\" data-element_type=\"column\" data-e-type=\"column\">\n\t\t\t<div class=\"elementor-widget-wrap elementor-element-populated\">\n\t\t\t\t\t\t<div class=\"elementor-element elementor-element-82539b8 elementor-align-justify elementor-widget elementor-widget-button\" data-id=\"82539b8\" data-element_type=\"widget\" data-e-type=\"widget\" data-widget_type=\"button.default\">\n\t\t\t\t<div class=\"elementor-widget-container\">\n\t\t\t\t\t\t\t\t\t<div class=\"elementor-button-wrapper\">\n\t\t\t\t\t<a class=\"elementor-button elementor-button-link elementor-size-lg\" href=\"https:\/\/www.hpb-personalberatung.de\/en\/ueber-uns\/leistungen\/\">\n\t\t\t\t\t\t<span class=\"elementor-button-content-wrapper\">\n\t\t\t\t\t\t\t\t\t<span class=\"elementor-button-text\">Services<\/span>\n\t\t\t\t\t<\/span>\n\t\t\t\t\t<\/a>\n\t\t\t\t<\/div>\n\t\t\t\t\t\t\t\t<\/div>\n\t\t\t\t<\/div>\n\t\t\t\t\t<\/div>\n\t\t<\/div>\n\t\t\t\t<div class=\"elementor-column elementor-col-25 elementor-top-column elementor-element elementor-element-3210231\" data-id=\"3210231\" data-element_type=\"column\" data-e-type=\"column\">\n\t\t\t<div class=\"elementor-widget-wrap elementor-element-populated\">\n\t\t\t\t\t\t<div class=\"elementor-element elementor-element-ce35f4f elementor-align-justify elementor-widget elementor-widget-button\" data-id=\"ce35f4f\" data-element_type=\"widget\" data-e-type=\"widget\" data-widget_type=\"button.default\">\n\t\t\t\t<div class=\"elementor-widget-container\">\n\t\t\t\t\t\t\t\t\t<div class=\"elementor-button-wrapper\">\n\t\t\t\t\t<a class=\"elementor-button elementor-button-link elementor-size-lg\" href=\"https:\/\/www.hpb-personalberatung.de\/en\/ueber-uns\/beratungsprinzipien\/\">\n\t\t\t\t\t\t<span class=\"elementor-button-content-wrapper\">\n\t\t\t\t\t\t\t\t\t<span class=\"elementor-button-text\">Principles of consulting<\/span>\n\t\t\t\t\t<\/span>\n\t\t\t\t\t<\/a>\n\t\t\t\t<\/div>\n\t\t\t\t\t\t\t\t<\/div>\n\t\t\t\t<\/div>\n\t\t\t\t\t<\/div>\n\t\t<\/div>\n\t\t\t\t<div class=\"elementor-column elementor-col-25 elementor-top-column elementor-element elementor-element-3fbc258\" data-id=\"3fbc258\" data-element_type=\"column\" data-e-type=\"column\">\n\t\t\t<div class=\"elementor-widget-wrap elementor-element-populated\">\n\t\t\t\t\t\t<div class=\"elementor-element elementor-element-6b08193 elementor-align-justify elementor-widget elementor-widget-button\" data-id=\"6b08193\" data-element_type=\"widget\" data-e-type=\"widget\" data-widget_type=\"button.default\">\n\t\t\t\t<div class=\"elementor-widget-container\">\n\t\t\t\t\t\t\t\t\t<div class=\"elementor-button-wrapper\">\n\t\t\t\t\t<a class=\"elementor-button elementor-button-link elementor-size-lg\" href=\"https:\/\/www.hpb-personalberatung.de\/en\/ueber-uns\/konditionen\/\">\n\t\t\t\t\t\t<span class=\"elementor-button-content-wrapper\">\n\t\t\t\t\t\t\t\t\t<span class=\"elementor-button-text\">Terms and conditions<\/span>\n\t\t\t\t\t<\/span>\n\t\t\t\t\t<\/a>\n\t\t\t\t<\/div>\n\t\t\t\t\t\t\t\t<\/div>\n\t\t\t\t<\/div>\n\t\t\t\t\t<\/div>\n\t\t<\/div>\n\t\t\t\t\t<\/div>\n\t\t<\/section>\n\t\t\t\t<section class=\"elementor-section elementor-top-section elementor-element elementor-element-0251fc6 elementor-section-full_width elementor-section-height-default elementor-section-height-default\" data-id=\"0251fc6\" data-element_type=\"section\" data-e-type=\"section\">\n\t\t\t\t\t\t<div class=\"elementor-container elementor-column-gap-default\">\n\t\t\t\t\t<div class=\"elementor-column elementor-col-100 elementor-top-column elementor-element elementor-element-a32af2a\" data-id=\"a32af2a\" data-element_type=\"column\" data-e-type=\"column\">\n\t\t\t<div class=\"elementor-widget-wrap elementor-element-populated\">\n\t\t\t\t\t\t<div class=\"elementor-element elementor-element-b0f3022 elementor-widget elementor-widget-image\" data-id=\"b0f3022\" data-element_type=\"widget\" data-e-type=\"widget\" data-widget_type=\"image.default\">\n\t\t\t\t<div class=\"elementor-widget-container\">\n\t\t\t\t\t\t\t\t\t\t\t\t\t\t\t<img decoding=\"async\" width=\"74\" height=\"61\" src=\"https:\/\/www.hpb-personalberatung.de\/wp-content\/uploads\/2022\/03\/ecke_4.svg\" class=\"attachment-large size-large wp-image-1027\" alt=\"HPB H\u00e4upl Personalberatung Signet\" \/>\t\t\t\t\t\t\t\t\t\t\t\t\t\t\t<\/div>\n\t\t\t\t<\/div>\n\t\t\t\t\t<\/div>\n\t\t<\/div>\n\t\t\t\t\t<\/div>\n\t\t<\/section>\n\t\t\t\t<\/div>","protected":false},"excerpt":{"rendered":"<p>Globale Vernetzung, das Zusammenr\u00fccken von Kulturen, Traditionen und Lebensweisen, Echtzeit-Kommunikation \u00fcber beliebige Entfernungen, eine in jeder Weise auch wirtschaftlich immer mehr verwobene Erdbev\u00f6lkerung und eine Zeit voller gesellschaftlicher Umbr\u00fcche kennzeichnen die heutige Gegenwart. Neu entstehende Bedrohungsszenarien erfordern dabei umfassende Konzepte zur Sicherheitslage und ein Denken in globalen Dimensionen. Dies f\u00fchrt zu h\u00f6heren Anforderungen sowohl an [&hellip;]<\/p>\n","protected":false},"author":1,"featured_media":0,"parent":135,"menu_order":0,"comment_status":"closed","ping_status":"closed","template":"","meta":{"footnotes":""},"class_list":["post-120","page","type-page","status-publish","hentry"],"_links":{"self":[{"href":"https:\/\/www.hpb-personalberatung.de\/en\/wp-json\/wp\/v2\/pages\/120","targetHints":{"allow":["GET"]}}],"collection":[{"href":"https:\/\/www.hpb-personalberatung.de\/en\/wp-json\/wp\/v2\/pages"}],"about":[{"href":"https:\/\/www.hpb-personalberatung.de\/en\/wp-json\/wp\/v2\/types\/page"}],"author":[{"embeddable":true,"href":"https:\/\/www.hpb-personalberatung.de\/en\/wp-json\/wp\/v2\/users\/1"}],"replies":[{"embeddable":true,"href":"https:\/\/www.hpb-personalberatung.de\/en\/wp-json\/wp\/v2\/comments?post=120"}],"version-history":[{"count":5,"href":"https:\/\/www.hpb-personalberatung.de\/en\/wp-json\/wp\/v2\/pages\/120\/revisions"}],"predecessor-version":[{"id":2790,"href":"https:\/\/www.hpb-personalberatung.de\/en\/wp-json\/wp\/v2\/pages\/120\/revisions\/2790"}],"up":[{"embeddable":true,"href":"https:\/\/www.hpb-personalberatung.de\/en\/wp-json\/wp\/v2\/pages\/135"}],"wp:attachment":[{"href":"https:\/\/www.hpb-personalberatung.de\/en\/wp-json\/wp\/v2\/media?parent=120"}],"curies":[{"name":"wp","href":"https:\/\/api.w.org\/{rel}","templated":true}]}}