{"id":1954,"date":"2022-04-19T14:19:14","date_gmt":"2022-04-19T12:19:14","guid":{"rendered":"https:\/\/www.hpb-personalberatung.de\/?page_id=1954"},"modified":"2022-06-23T08:59:23","modified_gmt":"2022-06-23T06:59:23","slug":"medizinischer-nachwuchs","status":"publish","type":"page","link":"https:\/\/www.hpb-personalberatung.de\/en\/kompetenzen\/gesundheitswirtschaft\/medizinischer-nachwuchs\/","title":{"rendered":"Medizinischer Nachwuchs"},"content":{"rendered":"<div data-elementor-type=\"wp-page\" data-elementor-id=\"1954\" class=\"elementor elementor-1954\" data-elementor-post-type=\"page\">\n\t\t\t\t\t\t<section class=\"elementor-section elementor-top-section elementor-element elementor-element-ac14e12 elementor-section-full_width elementor-section-height-default elementor-section-height-default\" data-id=\"ac14e12\" data-element_type=\"section\" data-e-type=\"section\">\n\t\t\t\t\t\t<div class=\"elementor-container elementor-column-gap-default\">\n\t\t\t\t\t<div class=\"elementor-column elementor-col-100 elementor-top-column elementor-element elementor-element-9ceb835\" data-id=\"9ceb835\" data-element_type=\"column\" data-e-type=\"column\">\n\t\t\t<div class=\"elementor-widget-wrap elementor-element-populated\">\n\t\t\t\t\t\t<div class=\"elementor-element elementor-element-d744dbc elementor-widget elementor-widget-image\" data-id=\"d744dbc\" data-element_type=\"widget\" data-e-type=\"widget\" data-widget_type=\"image.default\">\n\t\t\t\t<div class=\"elementor-widget-container\">\n\t\t\t\t\t\t\t\t\t\t\t\t\t\t\t<img decoding=\"async\" width=\"74\" height=\"61\" src=\"https:\/\/www.hpb-personalberatung.de\/wp-content\/uploads\/2022\/03\/ecke_3b.svg\" class=\"attachment-large size-large wp-image-1020\" alt=\"HPB H\u00e4upl Personalberatung Signet\" \/>\t\t\t\t\t\t\t\t\t\t\t\t\t\t\t<\/div>\n\t\t\t\t<\/div>\n\t\t\t\t\t<\/div>\n\t\t<\/div>\n\t\t\t\t\t<\/div>\n\t\t<\/section>\n\t\t\t\t<section class=\"elementor-section elementor-top-section elementor-element elementor-element-e6bf9a3 elementor-section-boxed elementor-section-height-default elementor-section-height-default\" data-id=\"e6bf9a3\" data-element_type=\"section\" data-e-type=\"section\">\n\t\t\t\t\t\t<div class=\"elementor-container elementor-column-gap-default\">\n\t\t\t\t\t<div class=\"elementor-column elementor-col-100 elementor-top-column elementor-element elementor-element-8c41948\" data-id=\"8c41948\" data-element_type=\"column\" data-e-type=\"column\" data-settings=\"{&quot;background_background&quot;:&quot;classic&quot;}\">\n\t\t\t<div class=\"elementor-widget-wrap elementor-element-populated\">\n\t\t\t\t\t\t<div class=\"elementor-element elementor-element-552fa47 elementor-widget elementor-widget-heading\" data-id=\"552fa47\" data-element_type=\"widget\" data-e-type=\"widget\" data-widget_type=\"heading.default\">\n\t\t\t\t<div class=\"elementor-widget-container\">\n\t\t\t\t\t<h1 class=\"elementor-heading-title elementor-size-default\">Medizinischer Nachwuchs<\/h1>\t\t\t\t<\/div>\n\t\t\t\t<\/div>\n\t\t\t\t<div class=\"elementor-element elementor-element-f49cf05 elementor-widget-divider--view-line elementor-widget elementor-widget-divider\" data-id=\"f49cf05\" data-element_type=\"widget\" data-e-type=\"widget\" data-widget_type=\"divider.default\">\n\t\t\t\t<div class=\"elementor-widget-container\">\n\t\t\t\t\t\t\t<div class=\"elementor-divider\">\n\t\t\t<span class=\"elementor-divider-separator\">\n\t\t\t\t\t\t<\/span>\n\t\t<\/div>\n\t\t\t\t\t\t<\/div>\n\t\t\t\t<\/div>\n\t\t\t\t\t<\/div>\n\t\t<\/div>\n\t\t\t\t\t<\/div>\n\t\t<\/section>\n\t\t\t\t<section class=\"elementor-section elementor-top-section elementor-element elementor-element-dd475c7 elementor-section-boxed elementor-section-height-default elementor-section-height-default\" data-id=\"dd475c7\" data-element_type=\"section\" data-e-type=\"section\">\n\t\t\t\t\t\t<div class=\"elementor-container elementor-column-gap-default\">\n\t\t\t\t\t<div class=\"elementor-column elementor-col-100 elementor-top-column elementor-element elementor-element-9f2692a\" data-id=\"9f2692a\" data-element_type=\"column\" data-e-type=\"column\" data-settings=\"{&quot;background_background&quot;:&quot;classic&quot;}\">\n\t\t\t<div class=\"elementor-widget-wrap elementor-element-populated\">\n\t\t\t\t\t\t<div class=\"elementor-element elementor-element-92803ba elementor-widget elementor-widget-text-editor\" data-id=\"92803ba\" data-element_type=\"widget\" data-e-type=\"widget\" data-widget_type=\"text-editor.default\">\n\t\t\t\t<div class=\"elementor-widget-container\">\n\t\t\t\t\t\t\t\t\t<p>Die Krankenh\u00e4user treffen insbesondere in den letzten Jahren auf ver\u00e4nderte Rahmenbedingungen, auf neue Anforderungen aus der Umsetzung Europ\u00e4ischen Arbeitsrechts und auf Entwicklungen innerhalb der einzelnen medizinischen Fachdisziplinen, die insgesamt zu einer rasanten und fortschreitenden Verknappung der verf\u00fcgbaren personellen Ressourcen im Bereich der \u00c4rzteschaft f\u00fchren<\/p><p>Die notwendige systematische und umfassende Entwicklung des medizinischen Nachwuchses, aus dem sich die k\u00fcnftige \u00e4rztliche Stammbelegschaft der au\u00dferuniversit\u00e4ren Krankenh\u00e4user rekrutiert, wird grunds\u00e4tzlich neue oder \u00fcberarbeitete Konzeptionen hinsichtlich der F\u00f6rderung des &#8222;eigenen&#8220; Nachwuchses hervorbringen.<\/p><p>Am Anfang steht auch dabei die Gewinnung geeigneter Pers\u00f6nlichkeiten, die den Weg in die Krankenh\u00e4user unserer Mandanten finden.<\/p>\t\t\t\t\t\t\t\t<\/div>\n\t\t\t\t<\/div>\n\t\t\t\t<div class=\"elementor-element elementor-element-b08b317 elementor-widget elementor-widget-text-editor\" data-id=\"b08b317\" data-element_type=\"widget\" data-e-type=\"widget\" data-widget_type=\"text-editor.default\">\n\t\t\t\t<div class=\"elementor-widget-container\">\n\t\t\t\t\t\t\t\t\t<p><strong>Einstiegs- und Karrierechancen nutzen<\/strong><\/p><p>Die HPB Dr. H\u00e4upl Personalberatung betreut seit Jahren mit gro\u00dfem Erfolg Unternehmen und Einrichtungen des Gesundheitswesen bei der Suche und Auswahl von \u00c4rzten f\u00fcr die Besetzung vakanter Stellen.<\/p><p>Dem \u00e4rztlichen Nachwuchs, ob<\/p><ul><li><strong>Arzt in Weiterbildung<\/strong> oder<\/li><li><strong>Facharzt bei der Erlangung einer Schwerpunktbezeichnung<\/strong> aber auch<\/li><li><strong>approbierte \u00c4rzte<\/strong> ohne Weiterbildungs-Status oder -Ziel<\/li><\/ul><p>gilt unsere gr\u00f6\u00dfte Aufmerksamkeit.<\/p>\t\t\t\t\t\t\t\t<\/div>\n\t\t\t\t<\/div>\n\t\t\t\t<div class=\"elementor-element elementor-element-fddb8bb elementor-widget elementor-widget-text-editor\" data-id=\"fddb8bb\" data-element_type=\"widget\" data-e-type=\"widget\" data-widget_type=\"text-editor.default\">\n\t\t\t\t<div class=\"elementor-widget-container\">\n\t\t\t\t\t\t\t\t\t<p>Unter unseren Auftraggebern finden sich Privatkliniken ebenso wie H\u00e4user in \u00f6ffentlich-rechtlicher bzw. konfessioneller Tr\u00e4gerschaft aller Versorgungsstufen.<\/p>\n<p>In unseren Gesch\u00e4ftsstellen werden Sie qualifizierte Berater mit langj\u00e4hriger einschl\u00e4giger Erfahrung als kompetente Gespr\u00e4chspartner bei Ihrem n\u00e4chsten Berufsschritt (nat\u00fcrlich unentgeltlich) begleiten. Sie stehen Ihnen unter den angegebenen Rufnummern gern f\u00fcr eine Kontaktaufnahme zur Verf\u00fcgung.<\/p>\n<p>Absolute Diskretion wird Ihnen zugesichert. Ihre Vita oder Kurzbewerbung senden Sie uns bitte via E-Mail oder per Post.<\/p>\t\t\t\t\t\t\t\t<\/div>\n\t\t\t\t<\/div>\n\t\t\t\t\t<\/div>\n\t\t<\/div>\n\t\t\t\t\t<\/div>\n\t\t<\/section>\n\t\t\t\t<section class=\"elementor-section elementor-top-section elementor-element elementor-element-2cda0ee elementor-section-boxed elementor-section-height-default elementor-section-height-default\" data-id=\"2cda0ee\" data-element_type=\"section\" data-e-type=\"section\">\n\t\t\t\t\t\t<div class=\"elementor-container elementor-column-gap-default\">\n\t\t\t\t\t<div class=\"elementor-column elementor-col-100 elementor-top-column elementor-element elementor-element-3655eb4\" data-id=\"3655eb4\" data-element_type=\"column\" data-e-type=\"column\">\n\t\t\t<div class=\"elementor-widget-wrap elementor-element-populated\">\n\t\t\t\t\t\t<div class=\"elementor-element elementor-element-28f8166 elementor-widget elementor-widget-text-editor\" data-id=\"28f8166\" data-element_type=\"widget\" data-e-type=\"widget\" data-widget_type=\"text-editor.default\">\n\t\t\t\t<div class=\"elementor-widget-container\">\n\t\t\t\t\t\t\t\t\t<p>Unter unseren Auftraggebern finden sich Privatkliniken ebenso wie H\u00e4user in \u00f6ffentlich-rechtlicher bzw. konfessioneller Tr\u00e4gerschaft aller Versorgungsstufen und mit den vielf\u00e4ltigsten Fachdisziplinen.\u00a0<span style=\"background-color: var( --e-global-color-43bd76c );\">They all share the same high standards of quality and reliability in their consulting firm.<\/span><\/p>\t\t\t\t\t\t\t\t<\/div>\n\t\t\t\t<\/div>\n\t\t\t\t<div class=\"elementor-element elementor-element-e719bdf elementor-align-center elementor-widget elementor-widget-button\" data-id=\"e719bdf\" data-element_type=\"widget\" data-e-type=\"widget\" data-widget_type=\"button.default\">\n\t\t\t\t<div class=\"elementor-widget-container\">\n\t\t\t\t\t\t\t\t\t<div class=\"elementor-button-wrapper\">\n\t\t\t\t\t<a class=\"elementor-button elementor-button-link elementor-size-lg\" href=\"https:\/\/www.hpb-personalberatung.de\/en\/kontakt\/\">\n\t\t\t\t\t\t<span class=\"elementor-button-content-wrapper\">\n\t\t\t\t\t\t<span class=\"elementor-button-icon\">\n\t\t\t\t<i aria-hidden=\"true\" class=\"fas fa-chevron-right\"><\/i>\t\t\t<\/span>\n\t\t\t\t\t\t\t\t\t<span class=\"elementor-button-text\">Contact us<\/span>\n\t\t\t\t\t<\/span>\n\t\t\t\t\t<\/a>\n\t\t\t\t<\/div>\n\t\t\t\t\t\t\t\t<\/div>\n\t\t\t\t<\/div>\n\t\t\t\t\t<\/div>\n\t\t<\/div>\n\t\t\t\t\t<\/div>\n\t\t<\/section>\n\t\t\t\t<section class=\"elementor-section elementor-top-section elementor-element elementor-element-2a0ac07 elementor-section-full_width elementor-section-height-default elementor-section-height-default\" data-id=\"2a0ac07\" data-element_type=\"section\" data-e-type=\"section\">\n\t\t\t\t\t\t<div class=\"elementor-container elementor-column-gap-default\">\n\t\t\t\t\t<div class=\"elementor-column elementor-col-100 elementor-top-column elementor-element elementor-element-592735b\" data-id=\"592735b\" data-element_type=\"column\" data-e-type=\"column\">\n\t\t\t<div class=\"elementor-widget-wrap elementor-element-populated\">\n\t\t\t\t\t\t<div class=\"elementor-element elementor-element-2746d6a elementor-widget elementor-widget-image\" data-id=\"2746d6a\" data-element_type=\"widget\" data-e-type=\"widget\" data-widget_type=\"image.default\">\n\t\t\t\t<div class=\"elementor-widget-container\">\n\t\t\t\t\t\t\t\t\t\t\t\t\t\t\t<img decoding=\"async\" width=\"74\" height=\"61\" src=\"https:\/\/www.hpb-personalberatung.de\/wp-content\/uploads\/2022\/03\/ecke_4.svg\" class=\"attachment-large size-large wp-image-1027\" alt=\"HPB H\u00e4upl Personalberatung Signet\" \/>\t\t\t\t\t\t\t\t\t\t\t\t\t\t\t<\/div>\n\t\t\t\t<\/div>\n\t\t\t\t\t<\/div>\n\t\t<\/div>\n\t\t\t\t\t<\/div>\n\t\t<\/section>\n\t\t\t\t<\/div>","protected":false},"excerpt":{"rendered":"<p>Die Krankenh\u00e4user treffen insbesondere in den letzten Jahren auf ver\u00e4nderte Rahmenbedingungen, auf neue Anforderungen aus der Umsetzung Europ\u00e4ischen Arbeitsrechts und auf Entwicklungen innerhalb der einzelnen medizinischen Fachdisziplinen, die insgesamt zu einer rasanten und fortschreitenden Verknappung der verf\u00fcgbaren personellen Ressourcen im Bereich der \u00c4rzteschaft f\u00fchren Die notwendige systematische und umfassende Entwicklung des medizinischen Nachwuchses, aus dem [&hellip;]<\/p>\n","protected":false},"author":1,"featured_media":0,"parent":116,"menu_order":0,"comment_status":"closed","ping_status":"closed","template":"","meta":{"footnotes":""},"class_list":["post-1954","page","type-page","status-publish","hentry"],"_links":{"self":[{"href":"https:\/\/www.hpb-personalberatung.de\/en\/wp-json\/wp\/v2\/pages\/1954","targetHints":{"allow":["GET"]}}],"collection":[{"href":"https:\/\/www.hpb-personalberatung.de\/en\/wp-json\/wp\/v2\/pages"}],"about":[{"href":"https:\/\/www.hpb-personalberatung.de\/en\/wp-json\/wp\/v2\/types\/page"}],"author":[{"embeddable":true,"href":"https:\/\/www.hpb-personalberatung.de\/en\/wp-json\/wp\/v2\/users\/1"}],"replies":[{"embeddable":true,"href":"https:\/\/www.hpb-personalberatung.de\/en\/wp-json\/wp\/v2\/comments?post=1954"}],"version-history":[{"count":5,"href":"https:\/\/www.hpb-personalberatung.de\/en\/wp-json\/wp\/v2\/pages\/1954\/revisions"}],"predecessor-version":[{"id":2817,"href":"https:\/\/www.hpb-personalberatung.de\/en\/wp-json\/wp\/v2\/pages\/1954\/revisions\/2817"}],"up":[{"embeddable":true,"href":"https:\/\/www.hpb-personalberatung.de\/en\/wp-json\/wp\/v2\/pages\/116"}],"wp:attachment":[{"href":"https:\/\/www.hpb-personalberatung.de\/en\/wp-json\/wp\/v2\/media?parent=1954"}],"curies":[{"name":"wp","href":"https:\/\/api.w.org\/{rel}","templated":true}]}}