{"id":1959,"date":"2022-04-19T14:22:32","date_gmt":"2022-04-19T12:22:32","guid":{"rendered":"https:\/\/www.hpb-personalberatung.de\/?page_id=1959"},"modified":"2022-06-23T08:57:18","modified_gmt":"2022-06-23T06:57:18","slug":"leihaerzte","status":"publish","type":"page","link":"https:\/\/www.hpb-personalberatung.de\/en\/kompetenzen\/gesundheitswirtschaft\/leihaerzte\/","title":{"rendered":"Leih\u00e4rzte"},"content":{"rendered":"<div data-elementor-type=\"wp-page\" data-elementor-id=\"1959\" class=\"elementor elementor-1959\" data-elementor-post-type=\"page\">\n\t\t\t\t\t\t<section class=\"elementor-section elementor-top-section elementor-element elementor-element-d83e1a9 elementor-section-full_width elementor-section-height-default elementor-section-height-default\" data-id=\"d83e1a9\" data-element_type=\"section\" data-e-type=\"section\">\n\t\t\t\t\t\t<div class=\"elementor-container elementor-column-gap-default\">\n\t\t\t\t\t<div class=\"elementor-column elementor-col-100 elementor-top-column elementor-element elementor-element-944aa1b\" data-id=\"944aa1b\" data-element_type=\"column\" data-e-type=\"column\">\n\t\t\t<div class=\"elementor-widget-wrap elementor-element-populated\">\n\t\t\t\t\t\t<div class=\"elementor-element elementor-element-eabe0f4 elementor-widget elementor-widget-image\" data-id=\"eabe0f4\" data-element_type=\"widget\" data-e-type=\"widget\" data-widget_type=\"image.default\">\n\t\t\t\t<div class=\"elementor-widget-container\">\n\t\t\t\t\t\t\t\t\t\t\t\t\t\t\t<img decoding=\"async\" width=\"74\" height=\"61\" src=\"https:\/\/www.hpb-personalberatung.de\/wp-content\/uploads\/2022\/03\/ecke_3b.svg\" class=\"attachment-large size-large wp-image-1020\" alt=\"HPB H\u00e4upl Personalberatung Signet\" \/>\t\t\t\t\t\t\t\t\t\t\t\t\t\t\t<\/div>\n\t\t\t\t<\/div>\n\t\t\t\t\t<\/div>\n\t\t<\/div>\n\t\t\t\t\t<\/div>\n\t\t<\/section>\n\t\t\t\t<section class=\"elementor-section elementor-top-section elementor-element elementor-element-f8e9e7d elementor-section-boxed elementor-section-height-default elementor-section-height-default\" data-id=\"f8e9e7d\" data-element_type=\"section\" data-e-type=\"section\">\n\t\t\t\t\t\t<div class=\"elementor-container elementor-column-gap-default\">\n\t\t\t\t\t<div class=\"elementor-column elementor-col-100 elementor-top-column elementor-element elementor-element-4baf409\" data-id=\"4baf409\" data-element_type=\"column\" data-e-type=\"column\" data-settings=\"{&quot;background_background&quot;:&quot;classic&quot;}\">\n\t\t\t<div class=\"elementor-widget-wrap elementor-element-populated\">\n\t\t\t\t\t\t<div class=\"elementor-element elementor-element-c8ba6cf elementor-widget elementor-widget-heading\" data-id=\"c8ba6cf\" data-element_type=\"widget\" data-e-type=\"widget\" data-widget_type=\"heading.default\">\n\t\t\t\t<div class=\"elementor-widget-container\">\n\t\t\t\t\t<h1 class=\"elementor-heading-title elementor-size-default\">Leih\u00e4rzte<\/h1>\t\t\t\t<\/div>\n\t\t\t\t<\/div>\n\t\t\t\t<div class=\"elementor-element elementor-element-9db9503 elementor-widget-divider--view-line elementor-widget elementor-widget-divider\" data-id=\"9db9503\" data-element_type=\"widget\" data-e-type=\"widget\" data-widget_type=\"divider.default\">\n\t\t\t\t<div class=\"elementor-widget-container\">\n\t\t\t\t\t\t\t<div class=\"elementor-divider\">\n\t\t\t<span class=\"elementor-divider-separator\">\n\t\t\t\t\t\t<\/span>\n\t\t<\/div>\n\t\t\t\t\t\t<\/div>\n\t\t\t\t<\/div>\n\t\t\t\t\t<\/div>\n\t\t<\/div>\n\t\t\t\t\t<\/div>\n\t\t<\/section>\n\t\t\t\t<section class=\"elementor-section elementor-top-section elementor-element elementor-element-eea55ad elementor-section-boxed elementor-section-height-default elementor-section-height-default\" data-id=\"eea55ad\" data-element_type=\"section\" data-e-type=\"section\">\n\t\t\t\t\t\t<div class=\"elementor-container elementor-column-gap-default\">\n\t\t\t\t\t<div class=\"elementor-column elementor-col-100 elementor-top-column elementor-element elementor-element-87d328e\" data-id=\"87d328e\" data-element_type=\"column\" data-e-type=\"column\" data-settings=\"{&quot;background_background&quot;:&quot;classic&quot;}\">\n\t\t\t<div class=\"elementor-widget-wrap elementor-element-populated\">\n\t\t\t\t\t\t<div class=\"elementor-element elementor-element-c3d4895 elementor-widget elementor-widget-text-editor\" data-id=\"c3d4895\" data-element_type=\"widget\" data-e-type=\"widget\" data-widget_type=\"text-editor.default\">\n\t\t\t\t<div class=\"elementor-widget-container\">\n\t\t\t\t\t\t\t\t\t<p>Wenngleich die Sicherung der Qualit\u00e4t hinsichtlich der Leih\u00e4rzteproblematik zunehmend eine Rolle spielen d\u00fcrfte und eine echte Tradition bez\u00fcglich dieser Thematik in Deutschland nicht existiert, auch keine echten Kostenvorteile erkennbar sind und die weite Zersplitterung der Fachrichtungen durch die fortgeschrittene Subspezialisierung nicht f\u00fcr L\u00f6sungen spricht, die sich auf Leih\u00e4rzte st\u00fctzt, scheint es im Einzelfall personeller Engp\u00e4sse und im Grundsatz au\u00dferhalb der Hochleistungsmedizin sowie besonders in der An\u00e4sthesie\/ Intensivmedizin durchaus sinnvoll, an Krankenh\u00e4usern Leih\u00e4rzte hinzuzuziehen.<\/p><p>Wir helfen Ihnen dabei, auch in solchen Ausnahmesituationen eine L\u00f6sung zu finden. Sprechen Sie uns an.<\/p>\t\t\t\t\t\t\t\t<\/div>\n\t\t\t\t<\/div>\n\t\t\t\t\t<\/div>\n\t\t<\/div>\n\t\t\t\t\t<\/div>\n\t\t<\/section>\n\t\t\t\t<section class=\"elementor-section elementor-top-section elementor-element elementor-element-f6c83f8 elementor-section-boxed elementor-section-height-default elementor-section-height-default\" data-id=\"f6c83f8\" data-element_type=\"section\" data-e-type=\"section\">\n\t\t\t\t\t\t<div class=\"elementor-container elementor-column-gap-default\">\n\t\t\t\t\t<div class=\"elementor-column elementor-col-100 elementor-top-column elementor-element elementor-element-8b4e9d8\" data-id=\"8b4e9d8\" data-element_type=\"column\" data-e-type=\"column\">\n\t\t\t<div class=\"elementor-widget-wrap elementor-element-populated\">\n\t\t\t\t\t\t<div class=\"elementor-element elementor-element-9c9f7fc elementor-widget elementor-widget-text-editor\" data-id=\"9c9f7fc\" data-element_type=\"widget\" data-e-type=\"widget\" data-widget_type=\"text-editor.default\">\n\t\t\t\t<div class=\"elementor-widget-container\">\n\t\t\t\t\t\t\t\t\t<p>Unter unseren Auftraggebern finden sich Privatkliniken ebenso wie H\u00e4user in \u00f6ffentlich-rechtlicher bzw. konfessioneller Tr\u00e4gerschaft aller Versorgungsstufen und mit den vielf\u00e4ltigsten Fachdisziplinen.\u00a0<span style=\"background-color: var( --e-global-color-43bd76c );\">They all share the same high standards of quality and reliability in their consulting firm.<\/span><\/p>\t\t\t\t\t\t\t\t<\/div>\n\t\t\t\t<\/div>\n\t\t\t\t<div class=\"elementor-element elementor-element-612b9ae elementor-align-center elementor-mobile-align-left elementor-widget elementor-widget-button\" data-id=\"612b9ae\" data-element_type=\"widget\" data-e-type=\"widget\" data-widget_type=\"button.default\">\n\t\t\t\t<div class=\"elementor-widget-container\">\n\t\t\t\t\t\t\t\t\t<div class=\"elementor-button-wrapper\">\n\t\t\t\t\t<a class=\"elementor-button elementor-button-link elementor-size-lg\" href=\"https:\/\/www.hpb-personalberatung.de\/en\/kontakt\/\">\n\t\t\t\t\t\t<span class=\"elementor-button-content-wrapper\">\n\t\t\t\t\t\t<span class=\"elementor-button-icon\">\n\t\t\t\t<i aria-hidden=\"true\" class=\"fas fa-chevron-right\"><\/i>\t\t\t<\/span>\n\t\t\t\t\t\t\t\t\t<span class=\"elementor-button-text\">Contact us<\/span>\n\t\t\t\t\t<\/span>\n\t\t\t\t\t<\/a>\n\t\t\t\t<\/div>\n\t\t\t\t\t\t\t\t<\/div>\n\t\t\t\t<\/div>\n\t\t\t\t\t<\/div>\n\t\t<\/div>\n\t\t\t\t\t<\/div>\n\t\t<\/section>\n\t\t\t\t<section class=\"elementor-section elementor-top-section elementor-element elementor-element-dc45f05 elementor-section-full_width elementor-section-height-default elementor-section-height-default\" data-id=\"dc45f05\" data-element_type=\"section\" data-e-type=\"section\">\n\t\t\t\t\t\t<div class=\"elementor-container elementor-column-gap-default\">\n\t\t\t\t\t<div class=\"elementor-column elementor-col-100 elementor-top-column elementor-element elementor-element-e5f5b98\" data-id=\"e5f5b98\" data-element_type=\"column\" data-e-type=\"column\">\n\t\t\t<div class=\"elementor-widget-wrap elementor-element-populated\">\n\t\t\t\t\t\t<div class=\"elementor-element elementor-element-47dcd7c elementor-widget elementor-widget-image\" data-id=\"47dcd7c\" data-element_type=\"widget\" data-e-type=\"widget\" data-widget_type=\"image.default\">\n\t\t\t\t<div class=\"elementor-widget-container\">\n\t\t\t\t\t\t\t\t\t\t\t\t\t\t\t<img decoding=\"async\" width=\"74\" height=\"61\" src=\"https:\/\/www.hpb-personalberatung.de\/wp-content\/uploads\/2022\/03\/ecke_4.svg\" class=\"attachment-large size-large wp-image-1027\" alt=\"HPB H\u00e4upl Personalberatung Signet\" \/>\t\t\t\t\t\t\t\t\t\t\t\t\t\t\t<\/div>\n\t\t\t\t<\/div>\n\t\t\t\t\t<\/div>\n\t\t<\/div>\n\t\t\t\t\t<\/div>\n\t\t<\/section>\n\t\t\t\t<\/div>","protected":false},"excerpt":{"rendered":"<p>Wenngleich die Sicherung der Qualit\u00e4t hinsichtlich der Leih\u00e4rzteproblematik zunehmend eine Rolle spielen d\u00fcrfte und eine echte Tradition bez\u00fcglich dieser Thematik in Deutschland nicht existiert, auch keine echten Kostenvorteile erkennbar sind und die weite Zersplitterung der Fachrichtungen durch die fortgeschrittene Subspezialisierung nicht f\u00fcr L\u00f6sungen spricht, die sich auf Leih\u00e4rzte st\u00fctzt, scheint es im Einzelfall personeller Engp\u00e4sse [&hellip;]<\/p>\n","protected":false},"author":1,"featured_media":0,"parent":116,"menu_order":0,"comment_status":"closed","ping_status":"closed","template":"","meta":{"footnotes":""},"class_list":["post-1959","page","type-page","status-publish","hentry"],"_links":{"self":[{"href":"https:\/\/www.hpb-personalberatung.de\/en\/wp-json\/wp\/v2\/pages\/1959","targetHints":{"allow":["GET"]}}],"collection":[{"href":"https:\/\/www.hpb-personalberatung.de\/en\/wp-json\/wp\/v2\/pages"}],"about":[{"href":"https:\/\/www.hpb-personalberatung.de\/en\/wp-json\/wp\/v2\/types\/page"}],"author":[{"embeddable":true,"href":"https:\/\/www.hpb-personalberatung.de\/en\/wp-json\/wp\/v2\/users\/1"}],"replies":[{"embeddable":true,"href":"https:\/\/www.hpb-personalberatung.de\/en\/wp-json\/wp\/v2\/comments?post=1959"}],"version-history":[{"count":5,"href":"https:\/\/www.hpb-personalberatung.de\/en\/wp-json\/wp\/v2\/pages\/1959\/revisions"}],"predecessor-version":[{"id":2811,"href":"https:\/\/www.hpb-personalberatung.de\/en\/wp-json\/wp\/v2\/pages\/1959\/revisions\/2811"}],"up":[{"embeddable":true,"href":"https:\/\/www.hpb-personalberatung.de\/en\/wp-json\/wp\/v2\/pages\/116"}],"wp:attachment":[{"href":"https:\/\/www.hpb-personalberatung.de\/en\/wp-json\/wp\/v2\/media?parent=1959"}],"curies":[{"name":"wp","href":"https:\/\/api.w.org\/{rel}","templated":true}]}}